{"id":155,"date":"2024-02-15T20:17:07","date_gmt":"2024-02-15T19:17:07","guid":{"rendered":"https:\/\/www.fc-flying-albatros.de\/neu\/?page_id=155"},"modified":"2025-08-07T23:13:21","modified_gmt":"2025-08-07T21:13:21","slug":"organisation","status":"publish","type":"page","link":"https:\/\/www.fc-flying-albatros.de\/neu\/organisation\/","title":{"rendered":"Organisation"},"content":{"rendered":"\n<figure class=\"wp-block-table\"><table><tbody><tr><td><strong>Gesch\u00e4ftsf\u00fchrer<\/strong><\/td><td><\/td><\/tr><tr><td>Wolfgang Weithe-Berchtold<\/td><td>Verbindung zur Stadt Troisdorf<br>Genehmigungen von Terminen<br>Zuschussangelegenheiten<\/td><\/tr><tr><td><strong>Jugendleiter<\/strong><\/td><td><\/td><\/tr><tr><td>Joel Werneburg<\/td><td>Leitung der Jugendabteilung<br>Verbindung zum Fu\u00dfballverband Mittelrhein<br>Ansprechpartner Trainer_innen<br>Organisation von Veranstaltungen<br>Organisation vom Trainingsbetrieb<br>Platzbelegung<br>Ausstattung der Mannschaften<br>Garage \/ Materiallager<br>Einsatz der Schiedsrichter<br>Organisation Caf\u00e9b\u00fcdchen<\/td><\/tr><tr><td><strong>Spielbetriebsleiter<\/strong><\/td><td><\/td><\/tr><tr><td>Arne Jelken<\/td><td>Passangelegenheiten<br>Organisation Turniere<\/td><\/tr><tr><td><strong>Kassiererin Jugend<\/strong><\/td><td><\/td><\/tr><tr><td>Michaela Weithe<\/td><td>Kassenangelegenheiten<br>Mitgliederangelegenheiten<\/td><\/tr><tr><td><strong>Beauftragte f\u00fcr Kinder- und Jugendschutz<\/strong><\/td><td><\/td><\/tr><tr><td>Martina Jelken<\/td><td><\/td><\/tr><tr><td><strong>M\u00e4dchenbeauftragte<\/strong><\/td><td><\/td><\/tr><tr><td>N.N.<\/td><td><\/td><\/tr><tr><td><strong>Verantwortlicher f\u00fcr Presse<\/strong><\/td><td><\/td><\/tr><tr><td>Sascha Meyer<\/td><td>Homepage<br>Presseangelegenheiten<\/td><\/tr><\/tbody><\/table><\/figure>\n","protected":false},"excerpt":{"rendered":"<p>Gesch\u00e4ftsf\u00fchrer Wolfgang Weithe-Berchtold Verbindung zur Stadt TroisdorfGenehmigungen von TerminenZuschussangelegenheiten Jugendleiter Joel Werneburg Leitung der JugendabteilungVerbindung zum Fu\u00dfballverband MittelrheinAnsprechpartner Trainer_innenOrganisation von VeranstaltungenOrganisation vom TrainingsbetriebPlatzbelegungAusstattung der MannschaftenGarage \/ MateriallagerEinsatz der SchiedsrichterOrganisation Caf\u00e9b\u00fcdchen Spielbetriebsleiter Arne Jelken PassangelegenheitenOrganisation Turniere Kassiererin Jugend Michaela Weithe KassenangelegenheitenMitgliederangelegenheiten Beauftragte f\u00fcr Kinder- und Jugendschutz Martina Jelken M\u00e4dchenbeauftragte N.N. Verantwortlicher f\u00fcr Presse Sascha Meyer HomepagePresseangelegenheiten<\/p>\n","protected":false},"author":1,"featured_media":0,"parent":0,"menu_order":0,"comment_status":"closed","ping_status":"closed","template":"","meta":{"footnotes":""},"class_list":["post-155","page","type-page","status-publish","hentry"],"_links":{"self":[{"href":"https:\/\/www.fc-flying-albatros.de\/neu\/wp-json\/wp\/v2\/pages\/155","targetHints":{"allow":["GET"]}}],"collection":[{"href":"https:\/\/www.fc-flying-albatros.de\/neu\/wp-json\/wp\/v2\/pages"}],"about":[{"href":"https:\/\/www.fc-flying-albatros.de\/neu\/wp-json\/wp\/v2\/types\/page"}],"author":[{"embeddable":true,"href":"https:\/\/www.fc-flying-albatros.de\/neu\/wp-json\/wp\/v2\/users\/1"}],"replies":[{"embeddable":true,"href":"https:\/\/www.fc-flying-albatros.de\/neu\/wp-json\/wp\/v2\/comments?post=155"}],"version-history":[{"count":2,"href":"https:\/\/www.fc-flying-albatros.de\/neu\/wp-json\/wp\/v2\/pages\/155\/revisions"}],"predecessor-version":[{"id":504,"href":"https:\/\/www.fc-flying-albatros.de\/neu\/wp-json\/wp\/v2\/pages\/155\/revisions\/504"}],"wp:attachment":[{"href":"https:\/\/www.fc-flying-albatros.de\/neu\/wp-json\/wp\/v2\/media?parent=155"}],"curies":[{"name":"wp","href":"https:\/\/api.w.org\/{rel}","templated":true}]}}