{"id":52,"date":"2023-11-04T16:44:53","date_gmt":"2023-11-04T15:44:53","guid":{"rendered":"https:\/\/www.fc-flying-albatros.de\/neu\/?page_id=52"},"modified":"2023-11-04T16:44:53","modified_gmt":"2023-11-04T15:44:53","slug":"vereinschronik","status":"publish","type":"page","link":"https:\/\/www.fc-flying-albatros.de\/neu\/vereinschronik\/","title":{"rendered":"Vereinschronik"},"content":{"rendered":"\n<p><a><\/a><\/p>\n\n\n\n<p><strong>Vereinschronik des FC Flying Albatros:<\/strong><br><\/p>\n\n\n\n<ul class=\"wp-block-list\">\n<li>1986 wurde die Idee geboren, eine Fu\u00dfball- Freizeitmannschaft zu gr\u00fcnden.<\/li>\n<\/ul>\n\n\n\n<ul class=\"wp-block-list\">\n<li>1987 ist aus dieser Idee die Freizeitmannschaft des FC Flying Albatros e.V. entstanden.&nbsp;<\/li>\n<\/ul>\n\n\n\n<ul class=\"wp-block-list\">\n<li>Unsere \u201eAlte Herren&#8220; machen alle 2-3 Monate ein Freundschaftsspiel gegen andere Freizeitmannschaften.&nbsp;<\/li>\n<\/ul>\n\n\n\n<ul class=\"wp-block-list\">\n<li>Seit langer Zeit ist der FC Flying Albatros e.V. eine feste Institution in der Fu\u00dfballwelt des Rhein &#8211; Sieg Kreises.&nbsp;<\/li>\n<\/ul>\n\n\n\n<ul class=\"wp-block-list\">\n<li>Zu der Fu\u00dfball- Freizeitmannschaft kam 1990 eine Badminton Abteilung hinzu. Diese macht zwei Mal im Jahr Interne Vereinsmeisterschaften.<\/li>\n<\/ul>\n\n\n\n<ul class=\"wp-block-list\">\n<li>2009 wurde eine Jugendabteilung gegr\u00fcndet. Aktuell stellen wir acht Jugendmannschaften im laufenden Spielbetrieb und unseren Fu\u00dfball- Kindergarten. Fu\u00dfball begeisterte Kids sind bei uns immer gern gesehen.<\/li>\n<\/ul>\n\n\n\n<ul class=\"wp-block-list\">\n<li>Unsere Freizeit &#8211; Frauenmannschaft ist 2016 hinzugekommen und spielt 2-3-mal im Jahr gegen andere Freizeit &#8211; Frauenmannschaften.&nbsp;<\/li>\n<\/ul>\n\n\n\n<ul class=\"wp-block-list\">\n<li>Seit 2017 haben wir eine Seniorenmannschaft, die jeden Sonntag mit gro\u00dfer Freude auf dem Platz steht.<\/li>\n<\/ul>\n\n\n\n<ul class=\"wp-block-list\">\n<li>2023 haben wir ein Troisdorfer Zentrm&nbsp;f\u00fcr M\u00e4dchenfussball gegr\u00fcndet, um den Fu\u00dfballbegeisterten M\u00e4dchen ein sportliches Zuhause zu bieten.<\/li>\n<\/ul>\n\n\n\n<p>Wir sind stolz, seit \u00fcber 35 Jahren unseren (\u00e4lteren und j\u00fcngeren) Mitgliedern eine sportliche, aber vor allem eine famili\u00e4re Heimat bieten zu k\u00f6nnen.<br><\/p>\n","protected":false},"excerpt":{"rendered":"<p>Vereinschronik des FC Flying Albatros: Wir sind stolz, seit \u00fcber 35 Jahren unseren (\u00e4lteren und j\u00fcngeren) Mitgliedern eine sportliche, aber vor allem eine famili\u00e4re Heimat bieten zu k\u00f6nnen.<\/p>\n","protected":false},"author":1,"featured_media":0,"parent":0,"menu_order":0,"comment_status":"closed","ping_status":"closed","template":"","meta":{"footnotes":""},"class_list":["post-52","page","type-page","status-publish","hentry"],"_links":{"self":[{"href":"https:\/\/www.fc-flying-albatros.de\/neu\/wp-json\/wp\/v2\/pages\/52","targetHints":{"allow":["GET"]}}],"collection":[{"href":"https:\/\/www.fc-flying-albatros.de\/neu\/wp-json\/wp\/v2\/pages"}],"about":[{"href":"https:\/\/www.fc-flying-albatros.de\/neu\/wp-json\/wp\/v2\/types\/page"}],"author":[{"embeddable":true,"href":"https:\/\/www.fc-flying-albatros.de\/neu\/wp-json\/wp\/v2\/users\/1"}],"replies":[{"embeddable":true,"href":"https:\/\/www.fc-flying-albatros.de\/neu\/wp-json\/wp\/v2\/comments?post=52"}],"version-history":[{"count":1,"href":"https:\/\/www.fc-flying-albatros.de\/neu\/wp-json\/wp\/v2\/pages\/52\/revisions"}],"predecessor-version":[{"id":53,"href":"https:\/\/www.fc-flying-albatros.de\/neu\/wp-json\/wp\/v2\/pages\/52\/revisions\/53"}],"wp:attachment":[{"href":"https:\/\/www.fc-flying-albatros.de\/neu\/wp-json\/wp\/v2\/media?parent=52"}],"curies":[{"name":"wp","href":"https:\/\/api.w.org\/{rel}","templated":true}]}}