{"id":54,"date":"2023-11-04T16:57:24","date_gmt":"2023-11-04T15:57:24","guid":{"rendered":"https:\/\/www.fc-flying-albatros.de\/neu\/?page_id=54"},"modified":"2025-08-07T23:15:01","modified_gmt":"2025-08-07T21:15:01","slug":"vorstand","status":"publish","type":"page","link":"https:\/\/www.fc-flying-albatros.de\/neu\/vorstand\/","title":{"rendered":"Vorstand"},"content":{"rendered":"\n<p>Der aktuelle Vorstand setzt sich wie folgt zusammen:&nbsp;<br>(Stand Mitgliederversammlung 11. April 2024)<\/p>\n\n\n\n<figure class=\"wp-block-table\"><table><tbody><tr><td>Senioren<\/td><td><\/td><\/tr><tr><td>1. Vorsitzender<\/td><td>Karl Tauber<\/td><\/tr><tr><td>Gesch\u00e4ftsf\u00fchrer<\/td><td>Wolfgang Weithe-Berchtold<\/td><\/tr><tr><td>2. Gesch\u00e4ftsf\u00fchrer<\/td><td>Willi Wirtz<\/td><\/tr><tr><td>1. Kassiererin<\/td><td>Kathi N\u00f6tzold<\/td><\/tr><tr><td>2. Kassierer<\/td><td>Nicolay Maas<\/td><\/tr><tr><td>Gesch\u00e4ftsf\u00fchrer (inaktive)<\/td><td>Claus Ludwig<\/td><\/tr><tr><td>Ansprechperson f\u00fcr Integration,&nbsp;<br>Kinder- und Jugendschutz<\/td><td>Martina Jelken<\/td><\/tr><tr><td>Beisitzerin<\/td><td>Michaela Weithe<\/td><\/tr><tr><td>Beisitzer<\/td><td>Sascha Meyer<\/td><\/tr><tr><td>Beisitzer<\/td><td>Dieter N\u00f6tzold<\/td><\/tr><tr><td>Beisitzer<\/td><td>Sebastian P\u00fctz<\/td><\/tr><tr><td>Beisitzerin<\/td><td>Gosia Weinert<\/td><\/tr><tr><td>Beisitzerin<\/td><td>Sandra Breker<\/td><\/tr><tr><td>Beisitzer<\/td><td>Arne Jelken<\/td><\/tr><tr><td>Beisitzer<\/td><td>Egon Reppert<\/td><\/tr><tr><td><\/td><td><\/td><\/tr><tr><td>Kassenpr\u00fcfer<\/td><td>Rainer Bauszat<br>Rainer \u00d6sterreicher<br>Georg Kluge<\/td><\/tr><tr><td><\/td><td><\/td><\/tr><tr><td><strong>Jugend<\/strong><\/td><td><\/td><\/tr><tr><td>Jugendleitung<\/td><td>Joel Werneburg<\/td><\/tr><tr><td>Jugendleitung<\/td><td>Annalena Weithe<\/td><\/tr><tr><td>Leiter Spielbetrieb<\/td><td>Arne Jelken<\/td><\/tr><tr><td>Gesch\u00e4ftsf\u00fchrer<\/td><td>Wolfgang Weithe-Berchtold<\/td><\/tr><tr><td>1. Kassiererin<\/td><td>Michaela Weithe<\/td><\/tr><tr><td>Kassenpr\u00fcfer<\/td><td>Thorsten Luks<\/td><\/tr><tr><td>Kassenpr\u00fcfer<\/td><td>Jenny Beinlich<\/td><\/tr><\/tr><tr><td>Beisitzerin<\/td><td>Justina Andriukina<\/td><\/tr><tr><td>Beisitzerin<\/td><td>Sabine Brewing<\/td><\/tr><tr><td>M\u00e4dchenbeauftragte<\/td><td>N.N.<\/td><\/tr><tr><td>Ansprechpartner Presse<\/td><td>Sascha Meyer<\/td><\/tr><\/tbody><\/table><\/figure>\n\n\n\n<p><\/p>\n\n\n\n<p><\/p>\n","protected":false},"excerpt":{"rendered":"<p>Der aktuelle Vorstand setzt sich wie folgt zusammen:&nbsp;(Stand Mitgliederversammlung 11. April 2024) Senioren 1. Vorsitzender Karl Tauber Gesch\u00e4ftsf\u00fchrer Wolfgang Weithe-Berchtold 2. Gesch\u00e4ftsf\u00fchrer Willi Wirtz 1. Kassiererin Kathi N\u00f6tzold 2. Kassierer Nicolay Maas Gesch\u00e4ftsf\u00fchrer (inaktive) Claus Ludwig Ansprechperson f\u00fcr Integration,&nbsp;Kinder- und Jugendschutz Martina Jelken Beisitzerin Michaela Weithe Beisitzer Sascha Meyer Beisitzer Dieter N\u00f6tzold Beisitzer Sebastian P\u00fctz [&hellip;]<\/p>\n","protected":false},"author":1,"featured_media":0,"parent":0,"menu_order":0,"comment_status":"closed","ping_status":"closed","template":"","meta":{"footnotes":""},"class_list":["post-54","page","type-page","status-publish","hentry"],"_links":{"self":[{"href":"https:\/\/www.fc-flying-albatros.de\/neu\/wp-json\/wp\/v2\/pages\/54","targetHints":{"allow":["GET"]}}],"collection":[{"href":"https:\/\/www.fc-flying-albatros.de\/neu\/wp-json\/wp\/v2\/pages"}],"about":[{"href":"https:\/\/www.fc-flying-albatros.de\/neu\/wp-json\/wp\/v2\/types\/page"}],"author":[{"embeddable":true,"href":"https:\/\/www.fc-flying-albatros.de\/neu\/wp-json\/wp\/v2\/users\/1"}],"replies":[{"embeddable":true,"href":"https:\/\/www.fc-flying-albatros.de\/neu\/wp-json\/wp\/v2\/comments?post=54"}],"version-history":[{"count":7,"href":"https:\/\/www.fc-flying-albatros.de\/neu\/wp-json\/wp\/v2\/pages\/54\/revisions"}],"predecessor-version":[{"id":505,"href":"https:\/\/www.fc-flying-albatros.de\/neu\/wp-json\/wp\/v2\/pages\/54\/revisions\/505"}],"wp:attachment":[{"href":"https:\/\/www.fc-flying-albatros.de\/neu\/wp-json\/wp\/v2\/media?parent=54"}],"curies":[{"name":"wp","href":"https:\/\/api.w.org\/{rel}","templated":true}]}}