{"id":60,"date":"2023-11-05T12:58:22","date_gmt":"2023-11-05T11:58:22","guid":{"rendered":"https:\/\/www.fc-flying-albatros.de\/neu\/?page_id=60"},"modified":"2025-10-20T10:15:17","modified_gmt":"2025-10-20T08:15:17","slug":"trainer_innen","status":"publish","type":"page","link":"https:\/\/www.fc-flying-albatros.de\/neu\/trainer_innen\/","title":{"rendered":"Trainer_innen"},"content":{"rendered":"\n<p><\/p>\n\n\n\n<p><\/p>\n\n\n\n<figure class=\"wp-block-table is-style-regular\"><table><tbody><tr><td><strong>Jugend<\/strong><\/td><td><\/td><td><\/td><\/tr><tr><td>Fu\u00dfballkindergarten<\/td><td>Trainerin:<br>Trainer:<\/td><td>Michaela Weithe<br>Wolfgang Weithe-Berchtold<\/td><\/tr><tr><td>Bambinis U7<\/td><td>Trainerinnen:<\/td><td>Michaela Weithe<br>Conny Werneburg<\/td><\/tr><tr><td>F-Jugend U9<\/td><td>Trainer:<br>Trainerin:<br>Trainerin:<\/td><td>Anouk Dekleermaeker<br>Jette Hambuch<br>Joel Werneburg<\/td><\/tr><tr><td>E-Jugend U11<\/td><td>Trainer:<br>Trainerin:<\/td><td>Sascha Meyer<br>Annalena Weithe<\/td><\/tr><tr><td>D-Jugend U13<\/td><td>Trainer:<br>Trainer:<br>Trainer:<br>Trainer:<\/td><td>Tim Lars Bergmann<br>Michael H\u00e4ntschel<br>Oliver Krom<br>Dennis Sch\u00fcller<\/td><\/tr><tr><td>C-Jugend U14<\/td><td>Trainer:<br>Trainer<\/td><td>Eduard Fedotov<br>Arne Jelken<\/td><\/tr><tr><td>C-M\u00e4dchen U15<\/td><td>Trainer:<br>Trainer:<\/td><td>Thomas Gr\u00f6ger<br>G\u00fcnther Hambuch<\/td><\/tr><tr><td>B-Jugend U16<\/td><td>Trainer:<br>Trainer:<\/td><td>Philipp Deurer<br>Wolfgang Weithe-Berchtold<\/td><\/tr><tr><td><strong>Senioren<\/strong><\/td><td><\/td><td><\/td><\/tr><tr><td>1. Mannschaft<\/td><td>Trainer:<br>Trainer:<br>Trainer:<br>Trainer:<\/td><td>Kayhan Kaplan<br>Tolga Kaplan<br>Baris Shabez<br>Wolfgang Weithe-Berchtold<\/td><\/tr><tr><td>2. Mannschaft<\/td><td>Trainer:<br>Trainer:<\/td><td>Willi Wirtz<br>Wolfgang Weithe-Berchtold<\/td><\/tr><tr><td>Frauenmannschaft<\/td><td>Trainer:<br>Trainer:<br>Trainer:<br>Trainerin:<br>Trainer:<\/td><td>Thomas Gr\u00f6ger<br>G\u00fcnther Hambuch<br>Arne Jelken<br>Annalena Weithe<br>Wolfgang Weithe-Berchtold<\/td><\/tr><tr><td>Flying Mamas<\/td><td>Trainer:<br>Trainer:<\/td><td>Arne Jelken<br>Sven Sonntag<\/td><\/tr><tr><td>Alte Herren<\/td><td>Trainer:<br>Trainer:<\/td><td>Max Busch<br>Wolfgang Weithe-Berchtold<\/td><\/tr><tr><td><strong>Inaktive Trainer<\/strong><\/td><td><\/td><td><\/td><\/tr><tr><td><\/td><td>Trainer:<\/td><td>Ahmad Habach<\/td><\/tr><\/tbody><\/table><\/figure>\n\n\n\n<p><\/p>\n","protected":false},"excerpt":{"rendered":"<p>Jugend Fu\u00dfballkindergarten Trainerin:Trainer: Michaela WeitheWolfgang Weithe-Berchtold Bambinis U7 Trainerinnen: Michaela WeitheConny Werneburg F-Jugend U9 Trainer:Trainerin:Trainerin: Anouk DekleermaekerJette HambuchJoel Werneburg E-Jugend U11 Trainer:Trainerin: Sascha MeyerAnnalena Weithe D-Jugend U13 Trainer:Trainer:Trainer:Trainer: Tim Lars BergmannMichael H\u00e4ntschelOliver KromDennis Sch\u00fcller C-Jugend U14 Trainer:Trainer Eduard FedotovArne Jelken C-M\u00e4dchen U15 Trainer:Trainer: Thomas Gr\u00f6gerG\u00fcnther Hambuch B-Jugend U16 Trainer:Trainer: Philipp DeurerWolfgang Weithe-Berchtold Senioren 1. Mannschaft [&hellip;]<\/p>\n","protected":false},"author":1,"featured_media":0,"parent":0,"menu_order":0,"comment_status":"closed","ping_status":"closed","template":"","meta":{"footnotes":""},"class_list":["post-60","page","type-page","status-publish","hentry"],"_links":{"self":[{"href":"https:\/\/www.fc-flying-albatros.de\/neu\/wp-json\/wp\/v2\/pages\/60","targetHints":{"allow":["GET"]}}],"collection":[{"href":"https:\/\/www.fc-flying-albatros.de\/neu\/wp-json\/wp\/v2\/pages"}],"about":[{"href":"https:\/\/www.fc-flying-albatros.de\/neu\/wp-json\/wp\/v2\/types\/page"}],"author":[{"embeddable":true,"href":"https:\/\/www.fc-flying-albatros.de\/neu\/wp-json\/wp\/v2\/users\/1"}],"replies":[{"embeddable":true,"href":"https:\/\/www.fc-flying-albatros.de\/neu\/wp-json\/wp\/v2\/comments?post=60"}],"version-history":[{"count":11,"href":"https:\/\/www.fc-flying-albatros.de\/neu\/wp-json\/wp\/v2\/pages\/60\/revisions"}],"predecessor-version":[{"id":556,"href":"https:\/\/www.fc-flying-albatros.de\/neu\/wp-json\/wp\/v2\/pages\/60\/revisions\/556"}],"wp:attachment":[{"href":"https:\/\/www.fc-flying-albatros.de\/neu\/wp-json\/wp\/v2\/media?parent=60"}],"curies":[{"name":"wp","href":"https:\/\/api.w.org\/{rel}","templated":true}]}}