{"id":64,"date":"2024-01-03T16:56:00","date_gmt":"2024-01-03T15:56:00","guid":{"rendered":"https:\/\/www.fc-flying-albatros.de\/neu\/?page_id=64"},"modified":"2025-02-14T06:46:45","modified_gmt":"2025-02-14T05:46:45","slug":"mitgliedschaft","status":"publish","type":"page","link":"https:\/\/www.fc-flying-albatros.de\/neu\/mitgliedschaft\/","title":{"rendered":"Mitgliedschaft"},"content":{"rendered":"\n<p>Laut Vereinssatzung ist in der Zeit von Januar bis sp\u00e4testans 31. M\u00e4rz der j\u00e4hrliche Mitgliedsbeitrag (aktive und inaktive) zu bezahlen.<\/p>\n\n\n\n<p>Die Mitgliedsbeitr\u00e4ge werden per Lastschrift eingezogen.<\/p>\n\n\n\n<div class=\"wp-block-group\"><div class=\"wp-block-group__inner-container is-layout-constrained wp-block-group-is-layout-constrained\">\n<p><a href=\"https:\/\/www.fc-flying-albatros.de\/neu\/wp-content\/uploads\/2025\/01\/Beitrittserklaerung-FC-Flying-Albatros-Beitragsanpassung-2025-1.pdf\">Beitrittserkl\u00e4rung FC Flying Albatros e.V.<\/a><\/p>\n\n\n\n<p><a href=\"https:\/\/www.fc-flying-albatros.de\/neu\/wp-content\/uploads\/2024\/01\/wdfv-antrag_spielberechtigung.pdf\">Antrag WDFV Spielberechtigung<\/a><br \/><br \/>Die Bankverbindung des Vereins &#8222;FC Flying Albatros e.V.&#8220; lautet:&nbsp;<br \/><br \/><strong>Senioren<\/strong><\/p>\n\n\n\n<ul class=\"wp-block-list\">\n<li>IBAN: DE75 3706 0590 0000 8766 66<\/li>\n\n\n\n<li>BIC: GENODED1SPK<\/li>\n\n\n\n<li>Sparda Bank West eG<\/li>\n<\/ul>\n\n\n\n<p><br \/><strong>Junioren<\/strong><\/p>\n\n\n\n<ul class=\"wp-block-list\">\n<li>IBAN: DE20 3705 0299 0020 0172 64<\/li>\n\n\n\n<li>BIC: COKSDE33XXX<\/li>\n\n\n\n<li>Kreissparkasse K\u00f6ln<\/li>\n<\/ul>\n\n\n\n<p><\/p>\n\n\n\n<p><strong>Eine K\u00fcndigung bedarf einer fristgerechten schriftlichen K\u00fcndigung in Papierform. K\u00fcndigungsschreiben per E-Mail werden nicht akzeptiert.<\/strong><\/p>\n\n\n\n<p><\/p>\n\n\n\n<ul class=\"wp-block-list\">\n<li><strong>Wichtige Information:<\/strong><\/li>\n\n\n\n<li>Der Verein ist auch Montagabend nach dem Training von 21:00 Uhr bis ca. 22:00 Uhr telefonisch im Vereinskeller zu erreichen.<\/li>\n<\/ul>\n\n\n\n<p>Tel.: 0228-9764611<\/p>\n<\/div><\/div>\n","protected":false},"excerpt":{"rendered":"<p>Laut Vereinssatzung ist in der Zeit von Januar bis sp\u00e4testans 31. M\u00e4rz der j\u00e4hrliche Mitgliedsbeitrag (aktive und inaktive) zu bezahlen. Die Mitgliedsbeitr\u00e4ge werden per Lastschrift eingezogen. Beitrittserkl\u00e4rung FC Flying Albatros e.V. Antrag WDFV Spielberechtigung Die Bankverbindung des Vereins &#8222;FC Flying Albatros e.V.&#8220; lautet:&nbsp; Senioren Junioren Eine K\u00fcndigung bedarf einer fristgerechten schriftlichen K\u00fcndigung in Papierform. K\u00fcndigungsschreiben [&hellip;]<\/p>\n","protected":false},"author":1,"featured_media":0,"parent":0,"menu_order":0,"comment_status":"closed","ping_status":"closed","template":"","meta":{"footnotes":""},"class_list":["post-64","page","type-page","status-publish","hentry"],"_links":{"self":[{"href":"https:\/\/www.fc-flying-albatros.de\/neu\/wp-json\/wp\/v2\/pages\/64","targetHints":{"allow":["GET"]}}],"collection":[{"href":"https:\/\/www.fc-flying-albatros.de\/neu\/wp-json\/wp\/v2\/pages"}],"about":[{"href":"https:\/\/www.fc-flying-albatros.de\/neu\/wp-json\/wp\/v2\/types\/page"}],"author":[{"embeddable":true,"href":"https:\/\/www.fc-flying-albatros.de\/neu\/wp-json\/wp\/v2\/users\/1"}],"replies":[{"embeddable":true,"href":"https:\/\/www.fc-flying-albatros.de\/neu\/wp-json\/wp\/v2\/comments?post=64"}],"version-history":[{"count":7,"href":"https:\/\/www.fc-flying-albatros.de\/neu\/wp-json\/wp\/v2\/pages\/64\/revisions"}],"predecessor-version":[{"id":319,"href":"https:\/\/www.fc-flying-albatros.de\/neu\/wp-json\/wp\/v2\/pages\/64\/revisions\/319"}],"wp:attachment":[{"href":"https:\/\/www.fc-flying-albatros.de\/neu\/wp-json\/wp\/v2\/media?parent=64"}],"curies":[{"name":"wp","href":"https:\/\/api.w.org\/{rel}","templated":true}]}}