{"id":71,"date":"2024-01-03T17:06:38","date_gmt":"2024-01-03T16:06:38","guid":{"rendered":"https:\/\/www.fc-flying-albatros.de\/neu\/?page_id=71"},"modified":"2025-10-25T22:16:18","modified_gmt":"2025-10-25T20:16:18","slug":"datenschutz-2","status":"publish","type":"page","link":"https:\/\/www.fc-flying-albatros.de\/neu\/datenschutz-2\/","title":{"rendered":"Datenschutz"},"content":{"rendered":"\n<p>Die Nutzung unserer Website ist in der Regel ohne Angabe personenbezogener Daten m\u00f6glich. Wir erheben, verarbeiten und nutzen personenbezogene Daten (beispielweise Name, Anschrift oder E-Mail-Adresse) nur insoweit, als dies zur Durchf\u00fchrung der angebotenen Dienstleistung erforderlich ist. Wir leiten die Daten nicht an Dritte weiter, au\u00dfer dass dies zuvor dem Nutzer kenntlich gemacht und die \u00dcbertragung vom Nutzer durch eine eindeutige und bewusste Handlung elektronisch ausgel\u00f6st worden ist.\u00a0<br>Wir weisen darauf hin, dass die Daten\u00fcbertragung im Internet (z.B. bei der Kommunikation per E-Mail) Sicherheitsl\u00fccken aufweisen kann. Ein l\u00fcckenloser Schutz der Daten vor dem Zugriff durch Dritte ist nicht m\u00f6glich.\u00a0<br>Die Nutzung von im Rahmen der Impressumspflicht ver\u00f6ffentlichten Kontaktdaten durch Dritte zur \u00dcbersendung von nicht ausdr\u00fccklich angeforderter Werbung und Informationsmaterialen wird hiermit ausdr\u00fccklich widersprochen. Die Betreiber der Seiten behalten sich ausdr\u00fccklich rechtliche Schritte im Falle der unverlangten Zusendung von Werbeinformationen, etwa durch Spam-Mails, vor.<\/p>\n\n\n\n<p>Wenn Sie weitere Fragen haben, wenden Sie sich bitte direkt an uns.<\/p>\n\n\n\n<p><a href=\"https:\/\/www.fc-flying-albatros.de\/neu\/wp-content\/uploads\/2024\/01\/Datenschutzerklaerung-des-FC-Flying-Albatros.pdf\">Datenschutzerkl\u00e4rung des FC Flying Albatros e. V.<\/a><\/p>\n\n\n\n<p><a href=\"https:\/\/www.fc-flying-albatros.de\/neu\/wp-content\/uploads\/2024\/01\/Informationspflichten-des-FC-Flying-Albatros.pdf\">Informationspflichten des FC Flying Albatros e. V.<\/a><\/p>\n","protected":false},"excerpt":{"rendered":"<p>Die Nutzung unserer Website ist in der Regel ohne Angabe personenbezogener Daten m\u00f6glich. Wir erheben, verarbeiten und nutzen personenbezogene Daten (beispielweise Name, Anschrift oder E-Mail-Adresse) nur insoweit, als dies zur Durchf\u00fchrung der angebotenen Dienstleistung erforderlich ist. Wir leiten die Daten nicht an Dritte weiter, au\u00dfer dass dies zuvor dem Nutzer kenntlich gemacht und die \u00dcbertragung [&hellip;]<\/p>\n","protected":false},"author":1,"featured_media":0,"parent":0,"menu_order":0,"comment_status":"closed","ping_status":"closed","template":"","meta":{"footnotes":""},"class_list":["post-71","page","type-page","status-publish","hentry"],"_links":{"self":[{"href":"https:\/\/www.fc-flying-albatros.de\/neu\/wp-json\/wp\/v2\/pages\/71","targetHints":{"allow":["GET"]}}],"collection":[{"href":"https:\/\/www.fc-flying-albatros.de\/neu\/wp-json\/wp\/v2\/pages"}],"about":[{"href":"https:\/\/www.fc-flying-albatros.de\/neu\/wp-json\/wp\/v2\/types\/page"}],"author":[{"embeddable":true,"href":"https:\/\/www.fc-flying-albatros.de\/neu\/wp-json\/wp\/v2\/users\/1"}],"replies":[{"embeddable":true,"href":"https:\/\/www.fc-flying-albatros.de\/neu\/wp-json\/wp\/v2\/comments?post=71"}],"version-history":[{"count":1,"href":"https:\/\/www.fc-flying-albatros.de\/neu\/wp-json\/wp\/v2\/pages\/71\/revisions"}],"predecessor-version":[{"id":74,"href":"https:\/\/www.fc-flying-albatros.de\/neu\/wp-json\/wp\/v2\/pages\/71\/revisions\/74"}],"wp:attachment":[{"href":"https:\/\/www.fc-flying-albatros.de\/neu\/wp-json\/wp\/v2\/media?parent=71"}],"curies":[{"name":"wp","href":"https:\/\/api.w.org\/{rel}","templated":true}]}}